{"id":101,"date":"2025-07-23T15:44:48","date_gmt":"2025-07-23T15:44:48","guid":{"rendered":"https:\/\/cocoleta.com\/product\/product-name-1\/"},"modified":"2025-07-28T15:15:40","modified_gmt":"2025-07-28T15:15:40","slug":"product-name-1","status":"publish","type":"product","link":"https:\/\/cocoleta.com\/fr\/produit\/product-name-1\/","title":{"rendered":"Autumn Art Doll"},"content":{"rendered":"<div data-elementor-type=\"wp-post\" data-elementor-id=\"101\" class=\"elementor elementor-101\">\n\t\t\t\t\t\t<section class=\"elementor-section elementor-top-section elementor-element elementor-element-55d8eb1 elementor-section-boxed elementor-section-height-default elementor-section-height-default\" data-id=\"55d8eb1\" data-element_type=\"section\" data-e-type=\"section\">\n\t\t\t\t\t\t<div class=\"elementor-container elementor-column-gap-no\">\n\t\t\t\t\t<div class=\"elementor-column elementor-col-100 elementor-top-column elementor-element elementor-element-bc654fa\" data-id=\"bc654fa\" data-element_type=\"column\" data-e-type=\"column\">\n\t\t\t<div class=\"elementor-widget-wrap elementor-element-populated\">\n\t\t\t\t\t\t<div class=\"elementor-element elementor-element-ce56b44 elementor-widget elementor-widget-heading\" data-id=\"ce56b44\" data-element_type=\"widget\" data-e-type=\"widget\" data-widget_type=\"heading.default\">\n\t\t\t\t\t\t<div class=\"elementor-widget-container\">\n\t\t\t\t\t<h3 class=\"elementor-heading-title elementor-size-default\">Ce qui m\u2019a inspir\u00e9e lors de la cr\u00e9ation d\u2019Autumn<\/h3>\t\t\t\t<\/div>\n\t\t\t\t<\/div>\n\t\t\t\t<div class=\"elementor-element elementor-element-b05f894 elementor-widget elementor-widget-text-editor\" data-id=\"b05f894\" data-element_type=\"widget\" data-e-type=\"widget\" data-widget_type=\"text-editor.default\">\n\t\t\t\t\t\t<div class=\"elementor-widget-container\">\n\t\t\t\t\t\t\t\t\t<p>Je me suis inspir\u00e9e du calme dor\u00e9 des apr\u00e8s-midis d\u2019octobre, lorsque le monde semble envelopp\u00e9 d\u2019une lumi\u00e8re douce et chaleureuse, et que chaque feuille devient une petite \u0153uvre d\u2019art.\nL\u2019automne est une saison de transformation, de r\u00e9confort et de nostalgie\u2014une invitation \u00e0 ralentir et \u00e0 appr\u00e9cier la beaut\u00e9 simple.\nJ\u2019ai voulu capturer cette magie \u00e9ph\u00e9m\u00e8re : le craquement des feuilles, l\u2019odeur du bois et de la terre, le sentiment de confort d\u2019un pull pr\u00e9f\u00e9r\u00e9.\nAvec Autumn, j\u2019ai cherch\u00e9 \u00e0 transmettre la po\u00e9sie douce de la saison \u00e0 travers le tissu, le fil et l\u2019imagination\u2014une poup\u00e9e qui raconte une histoire de chaleur, de changement et de foyer.<\/p>\t\t\t\t\t\t\t\t<\/div>\n\t\t\t\t<\/div>\n\t\t\t\t<section class=\"elementor-section elementor-inner-section elementor-element elementor-element-fa3eb95 elementor-section-boxed elementor-section-height-default elementor-section-height-default\" data-id=\"fa3eb95\" data-element_type=\"section\" data-e-type=\"section\" data-settings=\"{&quot;background_background&quot;:&quot;classic&quot;}\">\n\t\t\t\t\t\t\t<div class=\"elementor-background-overlay\"><\/div>\n\t\t\t\t\t\t\t<div class=\"elementor-container elementor-column-gap-default\">\n\t\t\t\t\t<div class=\"elementor-column elementor-col-100 elementor-inner-column elementor-element elementor-element-13bc022\" data-id=\"13bc022\" data-element_type=\"column\" data-e-type=\"column\">\n\t\t\t<div class=\"elementor-widget-wrap elementor-element-populated\">\n\t\t\t\t\t\t<div class=\"elementor-element elementor-element-29bc178 elementor-widget elementor-widget-heading\" data-id=\"29bc178\" data-element_type=\"widget\" data-e-type=\"widget\" data-widget_type=\"heading.default\">\n\t\t\t\t\t\t<div class=\"elementor-widget-container\">\n\t\t\t\t\t<h6 class=\"elementor-heading-title elementor-size-default\">Autumn<\/h6>\t\t\t\t<\/div>\n\t\t\t\t<\/div>\n\t\t\t\t<div class=\"elementor-element elementor-element-7a60328 elementor-widget elementor-widget-heading\" data-id=\"7a60328\" data-element_type=\"widget\" data-e-type=\"widget\" data-widget_type=\"heading.default\">\n\t\t\t\t\t\t<div class=\"elementor-widget-container\">\n\t\t\t\t\t<h3 class=\"elementor-heading-title elementor-size-default\">The Whisper of October<\/h3>\t\t\t\t<\/div>\n\t\t\t\t<\/div>\n\t\t\t\t<div class=\"elementor-element elementor-element-c732293 elementor-widget-divider--view-line elementor-widget elementor-widget-divider\" data-id=\"c732293\" data-element_type=\"widget\" data-e-type=\"widget\" data-widget_type=\"divider.default\">\n\t\t\t\t\t\t<div class=\"elementor-widget-container\">\n\t\t\t\t\t\t\t<div class=\"elementor-divider\">\n\t\t\t<span class=\"elementor-divider-separator\">\n\t\t\t\t\t\t<\/span>\n\t\t<\/div>\n\t\t\t\t\t\t<\/div>\n\t\t\t\t<\/div>\n\t\t\t\t\t<\/div>\n\t\t<\/div>\n\t\t\t\t\t<\/div>\n\t\t<\/section>\n\t\t\t\t<section class=\"elementor-section elementor-inner-section elementor-element elementor-element-74a6703 elementor-section-boxed elementor-section-height-default elementor-section-height-default\" data-id=\"74a6703\" data-element_type=\"section\" data-e-type=\"section\">\n\t\t\t\t\t\t<div class=\"elementor-container elementor-column-gap-no\">\n\t\t\t\t\t<div class=\"elementor-column elementor-col-50 elementor-inner-column elementor-element elementor-element-7ae86b7\" data-id=\"7ae86b7\" data-element_type=\"column\" data-e-type=\"column\">\n\t\t\t<div class=\"elementor-widget-wrap elementor-element-populated\">\n\t\t\t\t\t\t<div class=\"elementor-element elementor-element-2e01104 elementor-widget elementor-widget-heading\" data-id=\"2e01104\" data-element_type=\"widget\" data-e-type=\"widget\" data-widget_type=\"heading.default\">\n\t\t\t\t\t\t<div class=\"elementor-widget-container\">\n\t\t\t\t\t<h3 class=\"elementor-heading-title elementor-size-default\">Caract\u00e9ristiques du produit<\/h3>\t\t\t\t<\/div>\n\t\t\t\t<\/div>\n\t\t\t\t<div class=\"elementor-element elementor-element-3ff1519 elementor-widget-divider--view-line elementor-widget elementor-widget-divider\" data-id=\"3ff1519\" data-element_type=\"widget\" data-e-type=\"widget\" data-widget_type=\"divider.default\">\n\t\t\t\t\t\t<div class=\"elementor-widget-container\">\n\t\t\t\t\t\t\t<div class=\"elementor-divider\">\n\t\t\t<span class=\"elementor-divider-separator\">\n\t\t\t\t\t\t<\/span>\n\t\t<\/div>\n\t\t\t\t\t\t<\/div>\n\t\t\t\t<\/div>\n\t\t\t\t\t<\/div>\n\t\t<\/div>\n\t\t\t\t<div class=\"elementor-column elementor-col-50 elementor-inner-column elementor-element elementor-element-aa8e5ff\" data-id=\"aa8e5ff\" data-element_type=\"column\" data-e-type=\"column\">\n\t\t\t<div class=\"elementor-widget-wrap elementor-element-populated\">\n\t\t\t\t\t\t<div class=\"elementor-element elementor-element-9878f73 elementor-widget elementor-widget-heading\" data-id=\"9878f73\" data-element_type=\"widget\" data-e-type=\"widget\" data-widget_type=\"heading.default\">\n\t\t\t\t\t\t<div class=\"elementor-widget-container\">\n\t\t\t\t\t<h4 class=\"elementor-heading-title elementor-size-default\">Autumn a \u00e9t\u00e9 cr\u00e9\u00e9e \u00e0 partir de :<\/h4>\t\t\t\t<\/div>\n\t\t\t\t<\/div>\n\t\t\t\t<div class=\"elementor-element elementor-element-ffef70f elementor-align-start elementor-icon-list--layout-traditional elementor-list-item-link-full_width elementor-widget elementor-widget-icon-list\" data-id=\"ffef70f\" data-element_type=\"widget\" data-e-type=\"widget\" data-widget_type=\"icon-list.default\">\n\t\t\t\t\t\t<div class=\"elementor-widget-container\">\n\t\t\t\t\t\t\t<ul class=\"elementor-icon-list-items\">\n\t\t\t\t\t\t\t<li class=\"elementor-icon-list-item\">\n\t\t\t\t\t\t\t\t\t\t\t<span class=\"elementor-icon-list-icon\">\n\t\t\t\t\t\t\t<i aria-hidden=\"true\" class=\"far fa-dot-circle\"><\/i>\t\t\t\t\t\t<\/span>\n\t\t\t\t\t\t\t\t\t\t<span class=\"elementor-icon-list-text\">Un m\u00e9lange r\u00e9fl\u00e9chi de mat\u00e9riaux neufs et recycl\u00e9s, chacun choisi pour sa texture et son histoire.<\/span>\n\t\t\t\t\t\t\t\t\t<\/li>\n\t\t\t\t\t\t\t\t<li class=\"elementor-icon-list-item\">\n\t\t\t\t\t\t\t\t\t\t\t<span class=\"elementor-icon-list-icon\">\n\t\t\t\t\t\t\t<i aria-hidden=\"true\" class=\"far fa-dot-circle\"><\/i>\t\t\t\t\t\t<\/span>\n\t\t\t\t\t\t\t\t\t\t<span class=\"elementor-icon-list-text\">Des tissus et des d\u00e9tails harmonieusement assembl\u00e9s pour cr\u00e9er un nouveau personnage (voir la description ci-dessus).<\/span>\n\t\t\t\t\t\t\t\t\t<\/li>\n\t\t\t\t\t\t\t\t<li class=\"elementor-icon-list-item\">\n\t\t\t\t\t\t\t\t\t\t\t<span class=\"elementor-icon-list-icon\">\n\t\t\t\t\t\t\t<i aria-hidden=\"true\" class=\"far fa-dot-circle\"><\/i>\t\t\t\t\t\t<\/span>\n\t\t\t\t\t\t\t\t\t\t<span class=\"elementor-icon-list-text\">Chaque \u00e9l\u00e9ment\u2014qu\u2019il soit neuf ou r\u00e9utilis\u00e9\u2014ajoute un chapitre unique au parcours d\u2019Autumn, faisant d\u2019elle plus qu\u2019une simple poup\u00e9e : une histoire que l\u2019on peut tenir entre ses mains.<\/span>\n\t\t\t\t\t\t\t\t\t<\/li>\n\t\t\t\t\t\t<\/ul>\n\t\t\t\t\t\t<\/div>\n\t\t\t\t<\/div>\n\t\t\t\t\t<\/div>\n\t\t<\/div>\n\t\t\t\t\t<\/div>\n\t\t<\/section>\n\t\t\t\t<section class=\"elementor-section elementor-inner-section elementor-element elementor-element-811d21e elementor-section-boxed elementor-section-height-default elementor-section-height-default\" data-id=\"811d21e\" data-element_type=\"section\" data-e-type=\"section\" data-settings=\"{&quot;background_background&quot;:&quot;classic&quot;}\">\n\t\t\t\t\t\t\t<div class=\"elementor-background-overlay\"><\/div>\n\t\t\t\t\t\t\t<div class=\"elementor-container elementor-column-gap-default\">\n\t\t\t\t\t<div class=\"elementor-column elementor-col-100 elementor-inner-column elementor-element elementor-element-552363b\" data-id=\"552363b\" data-element_type=\"column\" data-e-type=\"column\">\n\t\t\t<div class=\"elementor-widget-wrap elementor-element-populated\">\n\t\t\t\t\t\t<div class=\"elementor-element elementor-element-94f0679 elementor-widget elementor-widget-heading\" data-id=\"94f0679\" data-element_type=\"widget\" data-e-type=\"widget\" data-widget_type=\"heading.default\">\n\t\t\t\t\t\t<div class=\"elementor-widget-container\">\n\t\t\t\t\t<h3 class=\"elementor-heading-title elementor-size-default\">AUTUMN<\/h3>\t\t\t\t<\/div>\n\t\t\t\t<\/div>\n\t\t\t\t<div class=\"elementor-element elementor-element-fba0313 elementor-widget-divider--view-line elementor-widget elementor-widget-divider\" data-id=\"fba0313\" data-element_type=\"widget\" data-e-type=\"widget\" data-widget_type=\"divider.default\">\n\t\t\t\t\t\t<div class=\"elementor-widget-container\">\n\t\t\t\t\t\t\t<div class=\"elementor-divider\">\n\t\t\t<span class=\"elementor-divider-separator\">\n\t\t\t\t\t\t<\/span>\n\t\t<\/div>\n\t\t\t\t\t\t<\/div>\n\t\t\t\t<\/div>\n\t\t\t\t<div class=\"elementor-element elementor-element-9603fc1 elementor-widget elementor-widget-heading\" data-id=\"9603fc1\" data-element_type=\"widget\" data-e-type=\"widget\" data-widget_type=\"heading.default\">\n\t\t\t\t\t\t<div class=\"elementor-widget-container\">\n\t\t\t\t\t<h4 class=\"elementor-heading-title elementor-size-default\">\u00ab D\u00e9licieux automne ! Mon \u00e2me m\u00eame lui est li\u00e9e. \u00bb <\/h4>\t\t\t\t<\/div>\n\t\t\t\t<\/div>\n\t\t\t\t<div class=\"elementor-element elementor-element-0bde7db elementor-widget elementor-widget-heading\" data-id=\"0bde7db\" data-element_type=\"widget\" data-e-type=\"widget\" data-widget_type=\"heading.default\">\n\t\t\t\t\t\t<div class=\"elementor-widget-container\">\n\t\t\t\t\t<h6 class=\"elementor-heading-title elementor-size-default\">George Eliot<\/h6>\t\t\t\t<\/div>\n\t\t\t\t<\/div>\n\t\t\t\t\t<\/div>\n\t\t<\/div>\n\t\t\t\t\t<\/div>\n\t\t<\/section>\n\t\t\t\t\t<\/div>\n\t\t<\/div>\n\t\t\t\t\t<\/div>\n\t\t<\/section>\n\t\t\t\t<\/div>","protected":false},"excerpt":{"rendered":"<p>Avec sa crini\u00e8re de boucles flamboyantes et son sourire aussi chaleureux que le soleil des moissons, Autumn apporte la douce po\u00e9sie des feuilles qui tombent dans votre maison. Elle se tient l\u00e0, gracieuse et espi\u00e8gle, drap\u00e9e dans les teintes dor\u00e9es d\u2019octobre, comme si elle portait dans sa robe une brise d\u2019air frais et un soup\u00e7on d\u2019\u00e9pices \u00e0 la citrouille. Sa pr\u00e9sence murmure les apr\u00e8s-midis douillets, les histoires racont\u00e9es pr\u00e8s de la fen\u00eatre et la magie discr\u00e8te de la saison. Autumn n\u2019est pas seulement une poup\u00e9e\u2014elle incarne l\u2019esprit de l\u2019automne, captur\u00e9 dans le tissu et les r\u00eaves.<\/p>\n<p class=\"translation-block\">\u00c0 propos d\u2019Autumn:<br>\n\nHauteur \u2013 65 cm<br>\nPoids \u2013 680 g<br>\nMat\u00e9riaux : coton, tulle, toile de jute, soie, feutre, bois, perruque synth\u00e9tique, accessoires en plastique, faux cils, rembourrage pour coussins<\/p>\n<p data-start=\"163\" data-end=\"453\">Autumn est pr\u00e9sent\u00e9e sur un socle en bois fait main et livr\u00e9e dans une bo\u00eete en bois, accompagn\u00e9e d\u2019un certificat d\u2019authenticit\u00e9.\nCette cr\u00e9ation est destin\u00e9e exclusivement aux collectionneurs ou \u00e0 la d\u00e9coration d\u2019int\u00e9rieur.\nElle ne convient pas aux enfants et ne doit pas \u00eatre utilis\u00e9e comme jouet.<\/p>\n<p data-start=\"455\" data-end=\"575\"><em data-start=\"455\" data-end=\"575\">Chaque poup\u00e9e d\u2019art COCOLETA est r\u00e9alis\u00e9e de fa\u00e7on unique, avec une attention particuli\u00e8re aux d\u00e9tails artistiques, afin d\u2019apporter du caract\u00e8re et de la chaleur \u00e0 tout espace.<\/em><\/p>\n<p>&nbsp;<\/p>\n<p>&nbsp;<\/p>","protected":false},"featured_media":1468,"comment_status":"open","ping_status":"closed","template":"","meta":{"site-sidebar-layout":"no-sidebar","site-content-layout":"boxed-container","ast-site-content-layout":"normal-width-container","site-content-style":"boxed","site-sidebar-style":"boxed","ast-global-header-display":"","ast-banner-title-visibility":"","ast-main-header-display":"","ast-hfb-above-header-display":"","ast-hfb-below-header-display":"","ast-hfb-mobile-header-display":"","site-post-title":"disabled","ast-breadcrumbs-content":"","ast-featured-img":"disabled","footer-sml-layout":"","theme-transparent-header-meta":"default","adv-header-id-meta":"","stick-header-meta":"","header-above-stick-meta":"","header-main-stick-meta":"","header-below-stick-meta":"","astra-migrate-meta-layouts":"set","ast-page-background-enabled":"default","ast-page-background-meta":{"desktop":{"background-color":"var(--ast-global-color-4)","background-image":"","background-repeat":"repeat","background-position":"center center","background-size":"auto","background-attachment":"scroll","background-type":"","background-media":"","overlay-type":"","overlay-color":"","overlay-opacity":"","overlay-gradient":""},"tablet":{"background-color":"","background-image":"","background-repeat":"repeat","background-position":"center center","background-size":"auto","background-attachment":"scroll","background-type":"","background-media":"","overlay-type":"","overlay-color":"","overlay-opacity":"","overlay-gradient":""},"mobile":{"background-color":"","background-image":"","background-repeat":"repeat","background-position":"center center","background-size":"auto","background-attachment":"scroll","background-type":"","background-media":"","overlay-type":"","overlay-color":"","overlay-opacity":"","overlay-gradient":""}},"ast-content-background-meta":{"desktop":{"background-color":"var(--ast-global-color-5)","background-image":"","background-repeat":"repeat","background-position":"center center","background-size":"auto","background-attachment":"scroll","background-type":"","background-media":"","overlay-type":"","overlay-color":"","overlay-opacity":"","overlay-gradient":""},"tablet":{"background-color":"var(--ast-global-color-5)","background-image":"","background-repeat":"repeat","background-position":"center center","background-size":"auto","background-attachment":"scroll","background-type":"","background-media":"","overlay-type":"","overlay-color":"","overlay-opacity":"","overlay-gradient":""},"mobile":{"background-color":"var(--ast-global-color-5)","background-image":"","background-repeat":"repeat","background-position":"center center","background-size":"auto","background-attachment":"scroll","background-type":"","background-media":"","overlay-type":"","overlay-color":"","overlay-opacity":"","overlay-gradient":""}}},"product_brand":[],"product_cat":[31],"product_tag":[44,32,53,36,37,34,49,40,45,43,48,42,33,52,46,50,39,41,51,35,38,47],"class_list":{"0":"post-101","1":"product","2":"type-product","3":"status-publish","4":"has-post-thumbnail","6":"product_cat-art-dolls","7":"product_tag-art-collectible","8":"product_tag-art-doll","9":"product_tag-art-object","10":"product_tag-artist-doll","11":"product_tag-autumn-decor","12":"product_tag-collectible-doll","13":"product_tag-cozy-home-decor","14":"product_tag-decorative-doll","15":"product_tag-display-doll","16":"product_tag-fabric-doll","17":"product_tag-fall-decor","18":"product_tag-gift-for-collector","19":"product_tag-handmade-doll","20":"product_tag-handmade-gift","21":"product_tag-interior-decor","22":"product_tag-luxury-doll","23":"product_tag-ooak-doll","24":"product_tag-soft-sculpture","25":"product_tag-statement-piece","26":"product_tag-textile-art","27":"product_tag-unique-doll","28":"product_tag-wooden-stand","29":"desktop-align-left","30":"tablet-align-left","31":"mobile-align-left","33":"first","34":"instock","35":"sold-individually","36":"shipping-taxable","37":"purchasable","38":"product-type-simple"},"aioseo_notices":[],"_links":{"self":[{"href":"https:\/\/cocoleta.com\/fr\/wp-json\/wp\/v2\/product\/101","targetHints":{"allow":["GET"]}}],"collection":[{"href":"https:\/\/cocoleta.com\/fr\/wp-json\/wp\/v2\/product"}],"about":[{"href":"https:\/\/cocoleta.com\/fr\/wp-json\/wp\/v2\/types\/product"}],"replies":[{"embeddable":true,"href":"https:\/\/cocoleta.com\/fr\/wp-json\/wp\/v2\/comments?post=101"}],"version-history":[{"count":19,"href":"https:\/\/cocoleta.com\/fr\/wp-json\/wp\/v2\/product\/101\/revisions"}],"predecessor-version":[{"id":1985,"href":"https:\/\/cocoleta.com\/fr\/wp-json\/wp\/v2\/product\/101\/revisions\/1985"}],"wp:featuredmedia":[{"embeddable":true,"href":"https:\/\/cocoleta.com\/fr\/wp-json\/wp\/v2\/media\/1468"}],"wp:attachment":[{"href":"https:\/\/cocoleta.com\/fr\/wp-json\/wp\/v2\/media?parent=101"}],"wp:term":[{"taxonomy":"product_brand","embeddable":true,"href":"https:\/\/cocoleta.com\/fr\/wp-json\/wp\/v2\/product_brand?post=101"},{"taxonomy":"product_cat","embeddable":true,"href":"https:\/\/cocoleta.com\/fr\/wp-json\/wp\/v2\/product_cat?post=101"},{"taxonomy":"product_tag","embeddable":true,"href":"https:\/\/cocoleta.com\/fr\/wp-json\/wp\/v2\/product_tag?post=101"}],"curies":[{"name":"wp","href":"https:\/\/api.w.org\/{rel}","templated":true}]}}