{"id":1667,"date":"2025-07-24T15:07:18","date_gmt":"2025-07-24T15:07:18","guid":{"rendered":"https:\/\/cocoleta.com\/?post_type=product&#038;p=1667"},"modified":"2025-08-20T07:33:59","modified_gmt":"2025-08-20T07:33:59","slug":"eloise-the-bird-of-wishes-art-doll","status":"publish","type":"product","link":"https:\/\/cocoleta.com\/fr\/produit\/eloise-the-bird-of-wishes-art-doll\/","title":{"rendered":"\u00c9lo\u00efse, The Bird of Wishes Art Doll"},"content":{"rendered":"<div data-elementor-type=\"wp-post\" data-elementor-id=\"1667\" class=\"elementor elementor-1667\">\n\t\t\t\t\t\t<section class=\"elementor-section elementor-top-section elementor-element elementor-element-55d8eb1 elementor-section-boxed elementor-section-height-default elementor-section-height-default\" data-id=\"55d8eb1\" data-element_type=\"section\" data-e-type=\"section\">\n\t\t\t\t\t\t<div class=\"elementor-container elementor-column-gap-no\">\n\t\t\t\t\t<div class=\"elementor-column elementor-col-100 elementor-top-column elementor-element elementor-element-bc654fa\" data-id=\"bc654fa\" data-element_type=\"column\" data-e-type=\"column\">\n\t\t\t<div class=\"elementor-widget-wrap elementor-element-populated\">\n\t\t\t\t\t\t<div class=\"elementor-element elementor-element-ce56b44 elementor-widget elementor-widget-heading\" data-id=\"ce56b44\" data-element_type=\"widget\" data-e-type=\"widget\" data-widget_type=\"heading.default\">\n\t\t\t\t\t\t<div class=\"elementor-widget-container\">\n\t\t\t\t\t<h3 class=\"elementor-heading-title elementor-size-default\">Ce qui m\u2019a inspir\u00e9e lors de la cr\u00e9ation d\u2019\u00c9lo\u00efse<\/h3>\t\t\t\t<\/div>\n\t\t\t\t<\/div>\n\t\t\t\t<div class=\"elementor-element elementor-element-b05f894 elementor-widget elementor-widget-text-editor\" data-id=\"b05f894\" data-element_type=\"widget\" data-e-type=\"widget\" data-widget_type=\"text-editor.default\">\n\t\t\t\t\t\t<div class=\"elementor-widget-container\">\n\t\t\t\t\t\t\t\t\t<p class=\"translation-block\">Je me suis inspir\u00e9e de l\u2019\u00e9l\u00e9gance myst\u00e9rieuse des foires m\u00e9di\u00e9vales et de l\u2019esprit fantasque des anciens bals masqu\u00e9s.\n\u00c9lo\u00efse est n\u00e9e de ma fascination pour les histoires racont\u00e9es par les saltimbanques, les bouffons et les r\u00eaveurs\u2014ceux qui osaient vivre entre rire et nostalgie.\nLe petit oiseau dans ses bras symbolise la libert\u00e9 de l\u2019imagination et la beaut\u00e9 de nos souhaits secrets enfin lib\u00e9r\u00e9s.\n\u00c0 travers \u00c9lo\u00efse, j\u2019ai voulu donner vie \u00e0 une gardienne des r\u00eaves inavou\u00e9s, habill\u00e9e de velours \u00e9meraude et d\u2019or, qui nous invite \u00e0 croire en la magie de la diff\u00e9rence, au courage et \u00e0 l\u2019\u00e9merveillement.<\/p>\t\t\t\t\t\t\t\t<\/div>\n\t\t\t\t<\/div>\n\t\t\t\t<section class=\"elementor-section elementor-inner-section elementor-element elementor-element-fa3eb95 elementor-section-boxed elementor-section-height-default elementor-section-height-default\" data-id=\"fa3eb95\" data-element_type=\"section\" data-e-type=\"section\" data-settings=\"{&quot;background_background&quot;:&quot;classic&quot;}\">\n\t\t\t\t\t\t\t<div class=\"elementor-background-overlay\"><\/div>\n\t\t\t\t\t\t\t<div class=\"elementor-container elementor-column-gap-default\">\n\t\t\t\t\t<div class=\"elementor-column elementor-col-100 elementor-inner-column elementor-element elementor-element-13bc022\" data-id=\"13bc022\" data-element_type=\"column\" data-e-type=\"column\">\n\t\t\t<div class=\"elementor-widget-wrap elementor-element-populated\">\n\t\t\t\t\t\t<div class=\"elementor-element elementor-element-29bc178 elementor-widget elementor-widget-heading\" data-id=\"29bc178\" data-element_type=\"widget\" data-e-type=\"widget\" data-widget_type=\"heading.default\">\n\t\t\t\t\t\t<div class=\"elementor-widget-container\">\n\t\t\t\t\t<h6 class=\"elementor-heading-title elementor-size-default\">\u00c9lo\u00efse<\/h6>\t\t\t\t<\/div>\n\t\t\t\t<\/div>\n\t\t\t\t<div class=\"elementor-element elementor-element-7a60328 elementor-widget elementor-widget-heading\" data-id=\"7a60328\" data-element_type=\"widget\" data-e-type=\"widget\" data-widget_type=\"heading.default\">\n\t\t\t\t\t\t<div class=\"elementor-widget-container\">\n\t\t\t\t\t<h3 class=\"elementor-heading-title elementor-size-default\">The Bird of Wishes <\/h3>\t\t\t\t<\/div>\n\t\t\t\t<\/div>\n\t\t\t\t<div class=\"elementor-element elementor-element-c732293 elementor-widget-divider--view-line elementor-widget elementor-widget-divider\" data-id=\"c732293\" data-element_type=\"widget\" data-e-type=\"widget\" data-widget_type=\"divider.default\">\n\t\t\t\t\t\t<div class=\"elementor-widget-container\">\n\t\t\t\t\t\t\t<div class=\"elementor-divider\">\n\t\t\t<span class=\"elementor-divider-separator\">\n\t\t\t\t\t\t<\/span>\n\t\t<\/div>\n\t\t\t\t\t\t<\/div>\n\t\t\t\t<\/div>\n\t\t\t\t\t<\/div>\n\t\t<\/div>\n\t\t\t\t\t<\/div>\n\t\t<\/section>\n\t\t\t\t<section class=\"elementor-section elementor-inner-section elementor-element elementor-element-74a6703 elementor-section-boxed elementor-section-height-default elementor-section-height-default\" data-id=\"74a6703\" data-element_type=\"section\" data-e-type=\"section\">\n\t\t\t\t\t\t<div class=\"elementor-container elementor-column-gap-no\">\n\t\t\t\t\t<div class=\"elementor-column elementor-col-50 elementor-inner-column elementor-element elementor-element-7ae86b7\" data-id=\"7ae86b7\" data-element_type=\"column\" data-e-type=\"column\">\n\t\t\t<div class=\"elementor-widget-wrap elementor-element-populated\">\n\t\t\t\t\t\t<div class=\"elementor-element elementor-element-2e01104 elementor-widget elementor-widget-heading\" data-id=\"2e01104\" data-element_type=\"widget\" data-e-type=\"widget\" data-widget_type=\"heading.default\">\n\t\t\t\t\t\t<div class=\"elementor-widget-container\">\n\t\t\t\t\t<h3 class=\"elementor-heading-title elementor-size-default\">Caract\u00e9ristiques du produit<\/h3>\t\t\t\t<\/div>\n\t\t\t\t<\/div>\n\t\t\t\t<div class=\"elementor-element elementor-element-3ff1519 elementor-widget-divider--view-line elementor-widget elementor-widget-divider\" data-id=\"3ff1519\" data-element_type=\"widget\" data-e-type=\"widget\" data-widget_type=\"divider.default\">\n\t\t\t\t\t\t<div class=\"elementor-widget-container\">\n\t\t\t\t\t\t\t<div class=\"elementor-divider\">\n\t\t\t<span class=\"elementor-divider-separator\">\n\t\t\t\t\t\t<\/span>\n\t\t<\/div>\n\t\t\t\t\t\t<\/div>\n\t\t\t\t<\/div>\n\t\t\t\t\t<\/div>\n\t\t<\/div>\n\t\t\t\t<div class=\"elementor-column elementor-col-50 elementor-inner-column elementor-element elementor-element-aa8e5ff\" data-id=\"aa8e5ff\" data-element_type=\"column\" data-e-type=\"column\">\n\t\t\t<div class=\"elementor-widget-wrap elementor-element-populated\">\n\t\t\t\t\t\t<div class=\"elementor-element elementor-element-9878f73 elementor-widget elementor-widget-heading\" data-id=\"9878f73\" data-element_type=\"widget\" data-e-type=\"widget\" data-widget_type=\"heading.default\">\n\t\t\t\t\t\t<div class=\"elementor-widget-container\">\n\t\t\t\t\t<h4 class=\"elementor-heading-title elementor-size-default\">\u00c9lo\u00efse was created by using:<\/h4>\t\t\t\t<\/div>\n\t\t\t\t<\/div>\n\t\t\t\t<div class=\"elementor-element elementor-element-ffef70f elementor-align-start elementor-icon-list--layout-traditional elementor-list-item-link-full_width elementor-widget elementor-widget-icon-list\" data-id=\"ffef70f\" data-element_type=\"widget\" data-e-type=\"widget\" data-widget_type=\"icon-list.default\">\n\t\t\t\t\t\t<div class=\"elementor-widget-container\">\n\t\t\t\t\t\t\t<ul class=\"elementor-icon-list-items\">\n\t\t\t\t\t\t\t<li class=\"elementor-icon-list-item\">\n\t\t\t\t\t\t\t\t\t\t\t<span class=\"elementor-icon-list-icon\">\n\t\t\t\t\t\t\t<i aria-hidden=\"true\" class=\"far fa-dot-circle\"><\/i>\t\t\t\t\t\t<\/span>\n\t\t\t\t\t\t\t\t\t\t<span class=\"elementor-icon-list-text\">Un m\u00e9lange r\u00e9fl\u00e9chi de mat\u00e9riaux neufs et recycl\u00e9s, chacun choisi pour sa texture et son histoire.<\/span>\n\t\t\t\t\t\t\t\t\t<\/li>\n\t\t\t\t\t\t\t\t<li class=\"elementor-icon-list-item\">\n\t\t\t\t\t\t\t\t\t\t\t<span class=\"elementor-icon-list-icon\">\n\t\t\t\t\t\t\t<i aria-hidden=\"true\" class=\"far fa-dot-circle\"><\/i>\t\t\t\t\t\t<\/span>\n\t\t\t\t\t\t\t\t\t\t<span class=\"elementor-icon-list-text\">Des tissus et des d\u00e9tails harmonieusement assembl\u00e9s pour cr\u00e9er un nouveau personnage (voir la description ci-dessus).<\/span>\n\t\t\t\t\t\t\t\t\t<\/li>\n\t\t\t\t\t\t\t\t<li class=\"elementor-icon-list-item\">\n\t\t\t\t\t\t\t\t\t\t\t<span class=\"elementor-icon-list-icon\">\n\t\t\t\t\t\t\t<i aria-hidden=\"true\" class=\"far fa-dot-circle\"><\/i>\t\t\t\t\t\t<\/span>\n\t\t\t\t\t\t\t\t\t\t<span class=\"elementor-icon-list-text\">Every element\u2014whether fresh or repurposed\u2014adds a unique chapter to \u00c9lo\u00efse\u2019s journey, making her more than a doll: a story you can hold.<\/span>\n\t\t\t\t\t\t\t\t\t<\/li>\n\t\t\t\t\t\t<\/ul>\n\t\t\t\t\t\t<\/div>\n\t\t\t\t<\/div>\n\t\t\t\t\t<\/div>\n\t\t<\/div>\n\t\t\t\t\t<\/div>\n\t\t<\/section>\n\t\t\t\t\t<\/div>\n\t\t<\/div>\n\t\t\t\t\t<\/div>\n\t\t<\/section>\n\t\t\t\t<\/div>","protected":false},"excerpt":{"rendered":"<p data-start=\"1132\" data-end=\"1681\" class=\"translation-block\">V\u00eatue de velours \u00e9meraude profond et de rubans dor\u00e9s, \u00c9lo\u00efse est une troubadour des r\u00eaves\u2014\u00e0 la fois bouffonne et po\u00e9tesse, n\u00e9e des rires et des secrets d\u2019un carnaval ancien.\nSes yeux portent le d\u00e9sir d\u2019histoires enferm\u00e9es, ses mains offrent la promesse du grand d\u00e9part. L\u2019oiseau qu\u2019elle serre doucement murmure la libert\u00e9, tandis que la cage vide \u00e0 ses c\u00f4t\u00e9s t\u00e9moigne silencieusement de son courage.\nChaque volant et chaque n\u0153ud raconte des mascarades, des aventures au clair de lune et l\u2019art de voir la magie dans l\u2019ordinaire.\nElle n\u2019est pas simplement une poup\u00e9e, mais une c\u00e9l\u00e9bration de tous ceux qui osent r\u00eaver autrement.<\/p>\n<p class=\"translation-block\">\u00c0 propos d\u2019\u00c9lo\u00efse :<br>\nHauteur \u2013 53 cm<br>\nPoids \u2013 760 g<br>\nMat\u00e9riaux : coton, tulle, soie, feutre, bois, perruque synth\u00e9tique, m\u00e9tal, faux cils, rembourrage pour coussins, velours, accessoires en plastique, ruban, dentelle<\/p>\n<p data-start=\"163\" data-end=\"453\">\u00c9lo\u00efse est pr\u00e9sent\u00e9e sur un socle en bois fait main et livr\u00e9e dans une bo\u00eete en bois, accompagn\u00e9e d\u2019un certificat d\u2019authenticit\u00e9.\nCette cr\u00e9ation est destin\u00e9e exclusivement aux collectionneurs ou \u00e0 la d\u00e9coration d\u2019int\u00e9rieur.\nElle ne convient pas aux enfants et ne doit pas \u00eatre utilis\u00e9e comme jouet.<\/p>\n<p data-start=\"455\" data-end=\"575\"><em data-start=\"455\" data-end=\"575\">Chaque poup\u00e9e d\u2019art COCOLETA est r\u00e9alis\u00e9e de fa\u00e7on unique, avec une attention particuli\u00e8re aux d\u00e9tails artistiques, afin d\u2019apporter du caract\u00e8re et de la chaleur \u00e0 tout espace.<\/em><\/p>\n<p>&nbsp;<\/p>","protected":false},"featured_media":1927,"comment_status":"open","ping_status":"closed","template":"","meta":{"site-sidebar-layout":"no-sidebar","site-content-layout":"boxed-container","ast-site-content-layout":"normal-width-container","site-content-style":"boxed","site-sidebar-style":"boxed","ast-global-header-display":"","ast-banner-title-visibility":"","ast-main-header-display":"","ast-hfb-above-header-display":"","ast-hfb-below-header-display":"","ast-hfb-mobile-header-display":"","site-post-title":"disabled","ast-breadcrumbs-content":"","ast-featured-img":"disabled","footer-sml-layout":"","theme-transparent-header-meta":"default","adv-header-id-meta":"","stick-header-meta":"","header-above-stick-meta":"","header-main-stick-meta":"","header-below-stick-meta":"","astra-migrate-meta-layouts":"set","ast-page-background-enabled":"default","ast-page-background-meta":{"desktop":{"background-color":"var(--ast-global-color-4)","background-image":"","background-repeat":"repeat","background-position":"center center","background-size":"auto","background-attachment":"scroll","background-type":"","background-media":"","overlay-type":"","overlay-color":"","overlay-opacity":"","overlay-gradient":""},"tablet":{"background-color":"","background-image":"","background-repeat":"repeat","background-position":"center center","background-size":"auto","background-attachment":"scroll","background-type":"","background-media":"","overlay-type":"","overlay-color":"","overlay-opacity":"","overlay-gradient":""},"mobile":{"background-color":"","background-image":"","background-repeat":"repeat","background-position":"center center","background-size":"auto","background-attachment":"scroll","background-type":"","background-media":"","overlay-type":"","overlay-color":"","overlay-opacity":"","overlay-gradient":""}},"ast-content-background-meta":{"desktop":{"background-color":"var(--ast-global-color-5)","background-image":"","background-repeat":"repeat","background-position":"center center","background-size":"auto","background-attachment":"scroll","background-type":"","background-media":"","overlay-type":"","overlay-color":"","overlay-opacity":"","overlay-gradient":""},"tablet":{"background-color":"var(--ast-global-color-5)","background-image":"","background-repeat":"repeat","background-position":"center center","background-size":"auto","background-attachment":"scroll","background-type":"","background-media":"","overlay-type":"","overlay-color":"","overlay-opacity":"","overlay-gradient":""},"mobile":{"background-color":"var(--ast-global-color-5)","background-image":"","background-repeat":"repeat","background-position":"center center","background-size":"auto","background-attachment":"scroll","background-type":"","background-media":"","overlay-type":"","overlay-color":"","overlay-opacity":"","overlay-gradient":""}}},"product_brand":[],"product_cat":[31],"product_tag":[44,32,53,36,34,49,40,45,43,48,42,33,52,46,50,39,41,51,35,38,47],"class_list":{"0":"post-1667","1":"product","2":"type-product","3":"status-publish","4":"has-post-thumbnail","6":"product_cat-art-dolls","7":"product_tag-art-collectible","8":"product_tag-art-doll","9":"product_tag-art-object","10":"product_tag-artist-doll","11":"product_tag-collectible-doll","12":"product_tag-cozy-home-decor","13":"product_tag-decorative-doll","14":"product_tag-display-doll","15":"product_tag-fabric-doll","16":"product_tag-fall-decor","17":"product_tag-gift-for-collector","18":"product_tag-handmade-doll","19":"product_tag-handmade-gift","20":"product_tag-interior-decor","21":"product_tag-luxury-doll","22":"product_tag-ooak-doll","23":"product_tag-soft-sculpture","24":"product_tag-statement-piece","25":"product_tag-textile-art","26":"product_tag-unique-doll","27":"product_tag-wooden-stand","28":"desktop-align-left","29":"tablet-align-left","30":"mobile-align-left","32":"first","33":"instock","34":"sold-individually","35":"shipping-taxable","36":"purchasable","37":"product-type-simple"},"aioseo_notices":[],"_links":{"self":[{"href":"https:\/\/cocoleta.com\/fr\/wp-json\/wp\/v2\/product\/1667","targetHints":{"allow":["GET"]}}],"collection":[{"href":"https:\/\/cocoleta.com\/fr\/wp-json\/wp\/v2\/product"}],"about":[{"href":"https:\/\/cocoleta.com\/fr\/wp-json\/wp\/v2\/types\/product"}],"replies":[{"embeddable":true,"href":"https:\/\/cocoleta.com\/fr\/wp-json\/wp\/v2\/comments?post=1667"}],"version-history":[{"count":17,"href":"https:\/\/cocoleta.com\/fr\/wp-json\/wp\/v2\/product\/1667\/revisions"}],"predecessor-version":[{"id":1930,"href":"https:\/\/cocoleta.com\/fr\/wp-json\/wp\/v2\/product\/1667\/revisions\/1930"}],"wp:featuredmedia":[{"embeddable":true,"href":"https:\/\/cocoleta.com\/fr\/wp-json\/wp\/v2\/media\/1927"}],"wp:attachment":[{"href":"https:\/\/cocoleta.com\/fr\/wp-json\/wp\/v2\/media?parent=1667"}],"wp:term":[{"taxonomy":"product_brand","embeddable":true,"href":"https:\/\/cocoleta.com\/fr\/wp-json\/wp\/v2\/product_brand?post=1667"},{"taxonomy":"product_cat","embeddable":true,"href":"https:\/\/cocoleta.com\/fr\/wp-json\/wp\/v2\/product_cat?post=1667"},{"taxonomy":"product_tag","embeddable":true,"href":"https:\/\/cocoleta.com\/fr\/wp-json\/wp\/v2\/product_tag?post=1667"}],"curies":[{"name":"wp","href":"https:\/\/api.w.org\/{rel}","templated":true}]}}