{"id":1825,"date":"2025-07-25T13:54:18","date_gmt":"2025-07-25T13:54:18","guid":{"rendered":"https:\/\/cocoleta.com\/?post_type=product&#038;p=1825"},"modified":"2025-07-28T15:14:18","modified_gmt":"2025-07-28T15:14:18","slug":"madame-barocco-art-doll","status":"publish","type":"product","link":"https:\/\/cocoleta.com\/fr\/produit\/madame-barocco-art-doll\/","title":{"rendered":"Madame Barocco Art Doll"},"content":{"rendered":"<div data-elementor-type=\"wp-post\" data-elementor-id=\"1825\" class=\"elementor elementor-1825\">\n\t\t\t\t\t\t<section class=\"elementor-section elementor-top-section elementor-element elementor-element-55d8eb1 elementor-section-boxed elementor-section-height-default elementor-section-height-default\" data-id=\"55d8eb1\" data-element_type=\"section\" data-e-type=\"section\">\n\t\t\t\t\t\t<div class=\"elementor-container elementor-column-gap-no\">\n\t\t\t\t\t<div class=\"elementor-column elementor-col-100 elementor-top-column elementor-element elementor-element-bc654fa\" data-id=\"bc654fa\" data-element_type=\"column\" data-e-type=\"column\">\n\t\t\t<div class=\"elementor-widget-wrap elementor-element-populated\">\n\t\t\t\t\t\t<div class=\"elementor-element elementor-element-ce56b44 elementor-widget elementor-widget-heading\" data-id=\"ce56b44\" data-element_type=\"widget\" data-e-type=\"widget\" data-widget_type=\"heading.default\">\n\t\t\t\t\t\t<div class=\"elementor-widget-container\">\n\t\t\t\t\t<h3 class=\"elementor-heading-title elementor-size-default\">Ce qui m\u2019a inspir\u00e9e lors de la cr\u00e9ation de Madame Barocco<\/h3>\t\t\t\t<\/div>\n\t\t\t\t<\/div>\n\t\t\t\t<div class=\"elementor-element elementor-element-b05f894 elementor-widget elementor-widget-text-editor\" data-id=\"b05f894\" data-element_type=\"widget\" data-e-type=\"widget\" data-widget_type=\"text-editor.default\">\n\t\t\t\t\t\t<div class=\"elementor-widget-container\">\n\t\t\t\t\t\t\t\t\t<p data-start=\"204\" data-end=\"462\">Madame Barocco est n\u00e9e de mon amour pour la musique, le th\u00e9\u00e2tre et l\u2019\u00e9l\u00e9gance de l\u2019\u00e9poque baroque. Je l\u2019ai imagin\u00e9e sortant d\u2019une salle de bal \u00e9clair\u00e9e \u00e0 la bougie, sa cape virevoltant au son de Vivaldi, sa robe fleurissant de petites fleurs\u2014\u00e0 moiti\u00e9 aristocrate, \u00e0 moiti\u00e9 r\u00eaveuse.<\/p><p data-start=\"464\" data-end=\"808\" class=\"translation-block\">Je me suis laiss\u00e9e inspirer par les vieux disques et les histoires derri\u00e8re chaque m\u00e9lodie, par la richesse du velours et la nostalgie des tasses dor\u00e9es et des rideaux de dentelle.\nAvec Madame Barocco, j\u2019ai voulu capturer l\u2019atmosph\u00e8re d\u2019une \u00e9poque o\u00f9 la vie se vivait comme une \u0153uvre d\u2019art, o\u00f9 chaque d\u00e9tail\u2014si petit soit-il\u2014\u00e9tait une invitation \u00e0 la beaut\u00e9, \u00e0 la f\u00eate et \u00e0 un brin d\u2019espi\u00e8glerie.<\/p>\t\t\t\t\t\t\t\t<\/div>\n\t\t\t\t<\/div>\n\t\t\t\t<section class=\"elementor-section elementor-inner-section elementor-element elementor-element-fa3eb95 elementor-section-boxed elementor-section-height-default elementor-section-height-default\" data-id=\"fa3eb95\" data-element_type=\"section\" data-e-type=\"section\" data-settings=\"{&quot;background_background&quot;:&quot;classic&quot;}\">\n\t\t\t\t\t\t\t<div class=\"elementor-background-overlay\"><\/div>\n\t\t\t\t\t\t\t<div class=\"elementor-container elementor-column-gap-default\">\n\t\t\t\t\t<div class=\"elementor-column elementor-col-100 elementor-inner-column elementor-element elementor-element-13bc022\" data-id=\"13bc022\" data-element_type=\"column\" data-e-type=\"column\">\n\t\t\t<div class=\"elementor-widget-wrap elementor-element-populated\">\n\t\t\t\t\t\t<div class=\"elementor-element elementor-element-29bc178 elementor-widget elementor-widget-heading\" data-id=\"29bc178\" data-element_type=\"widget\" data-e-type=\"widget\" data-widget_type=\"heading.default\">\n\t\t\t\t\t\t<div class=\"elementor-widget-container\">\n\t\t\t\t\t<h6 class=\"elementor-heading-title elementor-size-default\">Madame Barocco<\/h6>\t\t\t\t<\/div>\n\t\t\t\t<\/div>\n\t\t\t\t<div class=\"elementor-element elementor-element-7a60328 elementor-widget elementor-widget-heading\" data-id=\"7a60328\" data-element_type=\"widget\" data-e-type=\"widget\" data-widget_type=\"heading.default\">\n\t\t\t\t\t\t<div class=\"elementor-widget-container\">\n\t\t\t\t\t<h3 class=\"elementor-heading-title elementor-size-default\">Simply Elegant<\/h3>\t\t\t\t<\/div>\n\t\t\t\t<\/div>\n\t\t\t\t<div class=\"elementor-element elementor-element-c732293 elementor-widget-divider--view-line elementor-widget elementor-widget-divider\" data-id=\"c732293\" data-element_type=\"widget\" data-e-type=\"widget\" data-widget_type=\"divider.default\">\n\t\t\t\t\t\t<div class=\"elementor-widget-container\">\n\t\t\t\t\t\t\t<div class=\"elementor-divider\">\n\t\t\t<span class=\"elementor-divider-separator\">\n\t\t\t\t\t\t<\/span>\n\t\t<\/div>\n\t\t\t\t\t\t<\/div>\n\t\t\t\t<\/div>\n\t\t\t\t\t<\/div>\n\t\t<\/div>\n\t\t\t\t\t<\/div>\n\t\t<\/section>\n\t\t\t\t<section class=\"elementor-section elementor-inner-section elementor-element elementor-element-74a6703 elementor-section-boxed elementor-section-height-default elementor-section-height-default\" data-id=\"74a6703\" data-element_type=\"section\" data-e-type=\"section\">\n\t\t\t\t\t\t<div class=\"elementor-container elementor-column-gap-no\">\n\t\t\t\t\t<div class=\"elementor-column elementor-col-50 elementor-inner-column elementor-element elementor-element-7ae86b7\" data-id=\"7ae86b7\" data-element_type=\"column\" data-e-type=\"column\">\n\t\t\t<div class=\"elementor-widget-wrap elementor-element-populated\">\n\t\t\t\t\t\t<div class=\"elementor-element elementor-element-2e01104 elementor-widget elementor-widget-heading\" data-id=\"2e01104\" data-element_type=\"widget\" data-e-type=\"widget\" data-widget_type=\"heading.default\">\n\t\t\t\t\t\t<div class=\"elementor-widget-container\">\n\t\t\t\t\t<h3 class=\"elementor-heading-title elementor-size-default\">Caract\u00e9ristiques du produit<\/h3>\t\t\t\t<\/div>\n\t\t\t\t<\/div>\n\t\t\t\t<div class=\"elementor-element elementor-element-3ff1519 elementor-widget-divider--view-line elementor-widget elementor-widget-divider\" data-id=\"3ff1519\" data-element_type=\"widget\" data-e-type=\"widget\" data-widget_type=\"divider.default\">\n\t\t\t\t\t\t<div class=\"elementor-widget-container\">\n\t\t\t\t\t\t\t<div class=\"elementor-divider\">\n\t\t\t<span class=\"elementor-divider-separator\">\n\t\t\t\t\t\t<\/span>\n\t\t<\/div>\n\t\t\t\t\t\t<\/div>\n\t\t\t\t<\/div>\n\t\t\t\t\t<\/div>\n\t\t<\/div>\n\t\t\t\t<div class=\"elementor-column elementor-col-50 elementor-inner-column elementor-element elementor-element-aa8e5ff\" data-id=\"aa8e5ff\" data-element_type=\"column\" data-e-type=\"column\">\n\t\t\t<div class=\"elementor-widget-wrap elementor-element-populated\">\n\t\t\t\t\t\t<div class=\"elementor-element elementor-element-9878f73 elementor-widget elementor-widget-heading\" data-id=\"9878f73\" data-element_type=\"widget\" data-e-type=\"widget\" data-widget_type=\"heading.default\">\n\t\t\t\t\t\t<div class=\"elementor-widget-container\">\n\t\t\t\t\t<h4 class=\"elementor-heading-title elementor-size-default\">Madame Barocco was created by using:<\/h4>\t\t\t\t<\/div>\n\t\t\t\t<\/div>\n\t\t\t\t<div class=\"elementor-element elementor-element-ffef70f elementor-align-start elementor-icon-list--layout-traditional elementor-list-item-link-full_width elementor-widget elementor-widget-icon-list\" data-id=\"ffef70f\" data-element_type=\"widget\" data-e-type=\"widget\" data-widget_type=\"icon-list.default\">\n\t\t\t\t\t\t<div class=\"elementor-widget-container\">\n\t\t\t\t\t\t\t<ul class=\"elementor-icon-list-items\">\n\t\t\t\t\t\t\t<li class=\"elementor-icon-list-item\">\n\t\t\t\t\t\t\t\t\t\t\t<span class=\"elementor-icon-list-icon\">\n\t\t\t\t\t\t\t<i aria-hidden=\"true\" class=\"far fa-dot-circle\"><\/i>\t\t\t\t\t\t<\/span>\n\t\t\t\t\t\t\t\t\t\t<span class=\"elementor-icon-list-text\">Un m\u00e9lange r\u00e9fl\u00e9chi de mat\u00e9riaux neufs et recycl\u00e9s, chacun choisi pour sa texture et son histoire.<\/span>\n\t\t\t\t\t\t\t\t\t<\/li>\n\t\t\t\t\t\t\t\t<li class=\"elementor-icon-list-item\">\n\t\t\t\t\t\t\t\t\t\t\t<span class=\"elementor-icon-list-icon\">\n\t\t\t\t\t\t\t<i aria-hidden=\"true\" class=\"far fa-dot-circle\"><\/i>\t\t\t\t\t\t<\/span>\n\t\t\t\t\t\t\t\t\t\t<span class=\"elementor-icon-list-text\">Des tissus et des d\u00e9tails harmonieusement assembl\u00e9s pour cr\u00e9er un nouveau personnage (voir la description ci-dessus).<\/span>\n\t\t\t\t\t\t\t\t\t<\/li>\n\t\t\t\t\t\t\t\t<li class=\"elementor-icon-list-item\">\n\t\t\t\t\t\t\t\t\t\t\t<span class=\"elementor-icon-list-icon\">\n\t\t\t\t\t\t\t<i aria-hidden=\"true\" class=\"far fa-dot-circle\"><\/i>\t\t\t\t\t\t<\/span>\n\t\t\t\t\t\t\t\t\t\t<span class=\"elementor-icon-list-text\">Chaque \u00e9l\u00e9ment\u2014qu\u2019il soit neuf ou r\u00e9utilis\u00e9\u2014ajoute un chapitre unique au parcours de Madame Barocco, faisant d\u2019elle plus qu\u2019une simple poup\u00e9e : une histoire que l\u2019on peut tenir entre ses mains.<\/span>\n\t\t\t\t\t\t\t\t\t<\/li>\n\t\t\t\t\t\t<\/ul>\n\t\t\t\t\t\t<\/div>\n\t\t\t\t<\/div>\n\t\t\t\t\t<\/div>\n\t\t<\/div>\n\t\t\t\t\t<\/div>\n\t\t<\/section>\n\t\t\t\t\t<\/div>\n\t\t<\/div>\n\t\t\t\t\t<\/div>\n\t\t<\/section>\n\t\t\t\t<\/div>","protected":false},"excerpt":{"rendered":"<p data-start=\"206\" data-end=\"463\">Avec sa chevelure \u00e9bouriff\u00e9e et sa cape de velours couleur de vin rouge, Madame Barocco semble sortir tout droit d\u2019une salle de bal \u00e9clair\u00e9e \u00e0 la bougie pour entrer dans votre imagination.\nSa robe est une cascade de petites fleurs, et son regard plein de secrets\u2014\u00e0 la fois aristocrate et r\u00eaveuse.<\/p>\n<p data-start=\"465\" data-end=\"739\">Elle porte l\u2019esprit de la musique dans son c\u0153ur, son univers vibre doucement au son du clavecin et de mille histoires murmur\u00e9es.\nQu\u2019elle \u00e9coute Vivaldi ou qu\u2019elle savoure un th\u00e9 dans une tasse dor\u00e9e, Madame Barocco apporte le raffinement espi\u00e8gle de l\u2019\u00e9poque baroque partout o\u00f9 elle passe.<\/p>\n<p data-start=\"741\" data-end=\"873\">Bien plus qu\u2019une poup\u00e9e, elle est un souvenir que l\u2019on peut tenir entre ses mains\u2014une c\u00e9l\u00e9bration de la beaut\u00e9, de la musique et de ces petits luxes qui rendent la vie extraordinaire.<\/p>\n<p class=\"translation-block\">\u00c0 propos de Madame Barocco :<br>\nHauteur \u2013 65 cm<br>\nPoids \u2013 780 g<br>\nMat\u00e9riaux : coton, tulle, soie, feutre, bois, perruque synth\u00e9tique, accessoires en plastique, carton, faux cils, rembourrage pour coussins, velours, dentelle de coton<\/p>\n<p data-start=\"163\" data-end=\"453\">Madame Barocco est pr\u00e9sent\u00e9e sur un socle en bois fait main et livr\u00e9e dans une bo\u00eete en bois, accompagn\u00e9e d\u2019un certificat d\u2019authenticit\u00e9.\nCette cr\u00e9ation est destin\u00e9e exclusivement aux collectionneurs ou \u00e0 la d\u00e9coration d\u2019int\u00e9rieur.\nElle ne convient pas aux enfants et ne doit pas \u00eatre utilis\u00e9e comme jouet.<\/p>\n<p data-start=\"455\" data-end=\"575\"><em data-start=\"455\" data-end=\"575\">Chaque poup\u00e9e d\u2019art COCOLETA est r\u00e9alis\u00e9e de fa\u00e7on unique, avec une attention particuli\u00e8re aux d\u00e9tails artistiques, afin d\u2019apporter du caract\u00e8re et de la chaleur \u00e0 tout espace.<\/em><\/p>\n<p>&nbsp;<\/p>\n<p>&nbsp;<\/p>","protected":false},"featured_media":1826,"comment_status":"open","ping_status":"closed","template":"","meta":{"site-sidebar-layout":"no-sidebar","site-content-layout":"boxed-container","ast-site-content-layout":"normal-width-container","site-content-style":"boxed","site-sidebar-style":"boxed","ast-global-header-display":"","ast-banner-title-visibility":"","ast-main-header-display":"","ast-hfb-above-header-display":"","ast-hfb-below-header-display":"","ast-hfb-mobile-header-display":"","site-post-title":"disabled","ast-breadcrumbs-content":"","ast-featured-img":"disabled","footer-sml-layout":"","theme-transparent-header-meta":"default","adv-header-id-meta":"","stick-header-meta":"","header-above-stick-meta":"","header-main-stick-meta":"","header-below-stick-meta":"","astra-migrate-meta-layouts":"set","ast-page-background-enabled":"default","ast-page-background-meta":{"desktop":{"background-color":"var(--ast-global-color-4)","background-image":"","background-repeat":"repeat","background-position":"center center","background-size":"auto","background-attachment":"scroll","background-type":"","background-media":"","overlay-type":"","overlay-color":"","overlay-opacity":"","overlay-gradient":""},"tablet":{"background-color":"","background-image":"","background-repeat":"repeat","background-position":"center center","background-size":"auto","background-attachment":"scroll","background-type":"","background-media":"","overlay-type":"","overlay-color":"","overlay-opacity":"","overlay-gradient":""},"mobile":{"background-color":"","background-image":"","background-repeat":"repeat","background-position":"center center","background-size":"auto","background-attachment":"scroll","background-type":"","background-media":"","overlay-type":"","overlay-color":"","overlay-opacity":"","overlay-gradient":""}},"ast-content-background-meta":{"desktop":{"background-color":"var(--ast-global-color-5)","background-image":"","background-repeat":"repeat","background-position":"center center","background-size":"auto","background-attachment":"scroll","background-type":"","background-media":"","overlay-type":"","overlay-color":"","overlay-opacity":"","overlay-gradient":""},"tablet":{"background-color":"var(--ast-global-color-5)","background-image":"","background-repeat":"repeat","background-position":"center center","background-size":"auto","background-attachment":"scroll","background-type":"","background-media":"","overlay-type":"","overlay-color":"","overlay-opacity":"","overlay-gradient":""},"mobile":{"background-color":"var(--ast-global-color-5)","background-image":"","background-repeat":"repeat","background-position":"center center","background-size":"auto","background-attachment":"scroll","background-type":"","background-media":"","overlay-type":"","overlay-color":"","overlay-opacity":"","overlay-gradient":""}}},"product_brand":[],"product_cat":[31],"product_tag":[44,32,53,36,37,62,56,59,34,49,40,45,43,48,60,42,33,52,46,50,58,39,41,51,35,61,38,57,47],"class_list":{"0":"post-1825","1":"product","2":"type-product","3":"status-publish","4":"has-post-thumbnail","6":"product_cat-art-dolls","7":"product_tag-art-collectible","8":"product_tag-art-doll","9":"product_tag-art-object","10":"product_tag-artist-doll","11":"product_tag-autumn-decor","12":"product_tag-baroque-decor","13":"product_tag-baroque-doll","14":"product_tag-cocoleta","15":"product_tag-collectible-doll","16":"product_tag-cozy-home-decor","17":"product_tag-decorative-doll","18":"product_tag-display-doll","19":"product_tag-fabric-doll","20":"product_tag-fall-decor","21":"product_tag-floral-dress","22":"product_tag-gift-for-collector","23":"product_tag-handmade-doll","24":"product_tag-handmade-gift","25":"product_tag-interior-decor","26":"product_tag-luxury-doll","27":"product_tag-ooak","28":"product_tag-ooak-doll","29":"product_tag-soft-sculpture","30":"product_tag-statement-piece","31":"product_tag-textile-art","32":"product_tag-unique-art-doll","33":"product_tag-unique-doll","34":"product_tag-velvet-doll","35":"product_tag-wooden-stand","36":"desktop-align-left","37":"tablet-align-left","38":"mobile-align-left","40":"first","41":"instock","42":"sold-individually","43":"shipping-taxable","44":"purchasable","45":"product-type-simple"},"aioseo_notices":[],"_links":{"self":[{"href":"https:\/\/cocoleta.com\/fr\/wp-json\/wp\/v2\/product\/1825","targetHints":{"allow":["GET"]}}],"collection":[{"href":"https:\/\/cocoleta.com\/fr\/wp-json\/wp\/v2\/product"}],"about":[{"href":"https:\/\/cocoleta.com\/fr\/wp-json\/wp\/v2\/types\/product"}],"replies":[{"embeddable":true,"href":"https:\/\/cocoleta.com\/fr\/wp-json\/wp\/v2\/comments?post=1825"}],"version-history":[{"count":8,"href":"https:\/\/cocoleta.com\/fr\/wp-json\/wp\/v2\/product\/1825\/revisions"}],"predecessor-version":[{"id":1844,"href":"https:\/\/cocoleta.com\/fr\/wp-json\/wp\/v2\/product\/1825\/revisions\/1844"}],"wp:featuredmedia":[{"embeddable":true,"href":"https:\/\/cocoleta.com\/fr\/wp-json\/wp\/v2\/media\/1826"}],"wp:attachment":[{"href":"https:\/\/cocoleta.com\/fr\/wp-json\/wp\/v2\/media?parent=1825"}],"wp:term":[{"taxonomy":"product_brand","embeddable":true,"href":"https:\/\/cocoleta.com\/fr\/wp-json\/wp\/v2\/product_brand?post=1825"},{"taxonomy":"product_cat","embeddable":true,"href":"https:\/\/cocoleta.com\/fr\/wp-json\/wp\/v2\/product_cat?post=1825"},{"taxonomy":"product_tag","embeddable":true,"href":"https:\/\/cocoleta.com\/fr\/wp-json\/wp\/v2\/product_tag?post=1825"}],"curies":[{"name":"wp","href":"https:\/\/api.w.org\/{rel}","templated":true}]}}