{"id":1969,"date":"2025-07-28T15:02:20","date_gmt":"2025-07-28T15:02:20","guid":{"rendered":"https:\/\/cocoleta.com\/?post_type=product&#038;p=1969"},"modified":"2025-07-28T15:10:11","modified_gmt":"2025-07-28T15:10:11","slug":"boho-muse-art-doll","status":"publish","type":"product","link":"https:\/\/cocoleta.com\/fr\/produit\/boho-muse-art-doll\/","title":{"rendered":"Boho Muse Art Doll"},"content":{"rendered":"<div data-elementor-type=\"wp-post\" data-elementor-id=\"1969\" class=\"elementor elementor-1969\">\n\t\t\t\t\t\t<section class=\"elementor-section elementor-top-section elementor-element elementor-element-55d8eb1 elementor-section-boxed elementor-section-height-default elementor-section-height-default\" data-id=\"55d8eb1\" data-element_type=\"section\" data-e-type=\"section\">\n\t\t\t\t\t\t<div class=\"elementor-container elementor-column-gap-no\">\n\t\t\t\t\t<div class=\"elementor-column elementor-col-100 elementor-top-column elementor-element elementor-element-bc654fa\" data-id=\"bc654fa\" data-element_type=\"column\" data-e-type=\"column\">\n\t\t\t<div class=\"elementor-widget-wrap elementor-element-populated\">\n\t\t\t\t\t\t<div class=\"elementor-element elementor-element-ce56b44 elementor-widget elementor-widget-heading\" data-id=\"ce56b44\" data-element_type=\"widget\" data-e-type=\"widget\" data-widget_type=\"heading.default\">\n\t\t\t\t\t\t<div class=\"elementor-widget-container\">\n\t\t\t\t\t<h3 class=\"elementor-heading-title elementor-size-default\">What insipred me when creating Boho Muse  <\/h3>\t\t\t\t<\/div>\n\t\t\t\t<\/div>\n\t\t\t\t<div class=\"elementor-element elementor-element-b05f894 elementor-widget elementor-widget-text-editor\" data-id=\"b05f894\" data-element_type=\"widget\" data-e-type=\"widget\" data-widget_type=\"text-editor.default\">\n\t\t\t\t\t\t<div class=\"elementor-widget-container\">\n\t\t\t\t\t\t\t\t\t<p data-start=\"182\" data-end=\"684\">I was inspired by the free-spirited energy of the 1970s\u2014an era of music, art, wild dreams, and living life in full color. Boho Muse is a tribute to all the adventurers, dreamers, and wanderers who believe in the beauty of being themselves. Her denim, suede boots, and untamed curls echo road trips, festival lights, and laughter shared around a campfire.<br data-start=\"536\" data-end=\"539\" \/>Through Boho Muse, I wanted to capture the joy of embracing your true colors, celebrating peace, creativity, and the magic of simply being alive.<\/p>\t\t\t\t\t\t\t\t<\/div>\n\t\t\t\t<\/div>\n\t\t\t\t<section class=\"elementor-section elementor-inner-section elementor-element elementor-element-fa3eb95 elementor-section-boxed elementor-section-height-default elementor-section-height-default\" data-id=\"fa3eb95\" data-element_type=\"section\" data-e-type=\"section\" data-settings=\"{&quot;background_background&quot;:&quot;classic&quot;}\">\n\t\t\t\t\t\t\t<div class=\"elementor-background-overlay\"><\/div>\n\t\t\t\t\t\t\t<div class=\"elementor-container elementor-column-gap-default\">\n\t\t\t\t\t<div class=\"elementor-column elementor-col-100 elementor-inner-column elementor-element elementor-element-13bc022\" data-id=\"13bc022\" data-element_type=\"column\" data-e-type=\"column\">\n\t\t\t<div class=\"elementor-widget-wrap elementor-element-populated\">\n\t\t\t\t\t\t<div class=\"elementor-element elementor-element-29bc178 elementor-widget elementor-widget-heading\" data-id=\"29bc178\" data-element_type=\"widget\" data-e-type=\"widget\" data-widget_type=\"heading.default\">\n\t\t\t\t\t\t<div class=\"elementor-widget-container\">\n\t\t\t\t\t<h6 class=\"elementor-heading-title elementor-size-default\">Boho Muse<\/h6>\t\t\t\t<\/div>\n\t\t\t\t<\/div>\n\t\t\t\t<div class=\"elementor-element elementor-element-7a60328 elementor-widget elementor-widget-heading\" data-id=\"7a60328\" data-element_type=\"widget\" data-e-type=\"widget\" data-widget_type=\"heading.default\">\n\t\t\t\t\t\t<div class=\"elementor-widget-container\">\n\t\t\t\t\t<h3 class=\"elementor-heading-title elementor-size-default\">A little muse, a lot of magic.<\/h3>\t\t\t\t<\/div>\n\t\t\t\t<\/div>\n\t\t\t\t<div class=\"elementor-element elementor-element-c732293 elementor-widget-divider--view-line elementor-widget elementor-widget-divider\" data-id=\"c732293\" data-element_type=\"widget\" data-e-type=\"widget\" data-widget_type=\"divider.default\">\n\t\t\t\t\t\t<div class=\"elementor-widget-container\">\n\t\t\t\t\t\t\t<div class=\"elementor-divider\">\n\t\t\t<span class=\"elementor-divider-separator\">\n\t\t\t\t\t\t<\/span>\n\t\t<\/div>\n\t\t\t\t\t\t<\/div>\n\t\t\t\t<\/div>\n\t\t\t\t\t<\/div>\n\t\t<\/div>\n\t\t\t\t\t<\/div>\n\t\t<\/section>\n\t\t\t\t<section class=\"elementor-section elementor-inner-section elementor-element elementor-element-74a6703 elementor-section-boxed elementor-section-height-default elementor-section-height-default\" data-id=\"74a6703\" data-element_type=\"section\" data-e-type=\"section\">\n\t\t\t\t\t\t<div class=\"elementor-container elementor-column-gap-no\">\n\t\t\t\t\t<div class=\"elementor-column elementor-col-50 elementor-inner-column elementor-element elementor-element-7ae86b7\" data-id=\"7ae86b7\" data-element_type=\"column\" data-e-type=\"column\">\n\t\t\t<div class=\"elementor-widget-wrap elementor-element-populated\">\n\t\t\t\t\t\t<div class=\"elementor-element elementor-element-2e01104 elementor-widget elementor-widget-heading\" data-id=\"2e01104\" data-element_type=\"widget\" data-e-type=\"widget\" data-widget_type=\"heading.default\">\n\t\t\t\t\t\t<div class=\"elementor-widget-container\">\n\t\t\t\t\t<h3 class=\"elementor-heading-title elementor-size-default\">Caract\u00e9ristiques du produit<\/h3>\t\t\t\t<\/div>\n\t\t\t\t<\/div>\n\t\t\t\t<div class=\"elementor-element elementor-element-3ff1519 elementor-widget-divider--view-line elementor-widget elementor-widget-divider\" data-id=\"3ff1519\" data-element_type=\"widget\" data-e-type=\"widget\" data-widget_type=\"divider.default\">\n\t\t\t\t\t\t<div class=\"elementor-widget-container\">\n\t\t\t\t\t\t\t<div class=\"elementor-divider\">\n\t\t\t<span class=\"elementor-divider-separator\">\n\t\t\t\t\t\t<\/span>\n\t\t<\/div>\n\t\t\t\t\t\t<\/div>\n\t\t\t\t<\/div>\n\t\t\t\t\t<\/div>\n\t\t<\/div>\n\t\t\t\t<div class=\"elementor-column elementor-col-50 elementor-inner-column elementor-element elementor-element-aa8e5ff\" data-id=\"aa8e5ff\" data-element_type=\"column\" data-e-type=\"column\">\n\t\t\t<div class=\"elementor-widget-wrap elementor-element-populated\">\n\t\t\t\t\t\t<div class=\"elementor-element elementor-element-9878f73 elementor-widget elementor-widget-heading\" data-id=\"9878f73\" data-element_type=\"widget\" data-e-type=\"widget\" data-widget_type=\"heading.default\">\n\t\t\t\t\t\t<div class=\"elementor-widget-container\">\n\t\t\t\t\t<h4 class=\"elementor-heading-title elementor-size-default\">Wanda la Sorci\u00e8re a \u00e9t\u00e9 cr\u00e9\u00e9e \u00e0 partir de :<\/h4>\t\t\t\t<\/div>\n\t\t\t\t<\/div>\n\t\t\t\t<div class=\"elementor-element elementor-element-ffef70f elementor-align-start elementor-icon-list--layout-traditional elementor-list-item-link-full_width elementor-widget elementor-widget-icon-list\" data-id=\"ffef70f\" data-element_type=\"widget\" data-e-type=\"widget\" data-widget_type=\"icon-list.default\">\n\t\t\t\t\t\t<div class=\"elementor-widget-container\">\n\t\t\t\t\t\t\t<ul class=\"elementor-icon-list-items\">\n\t\t\t\t\t\t\t<li class=\"elementor-icon-list-item\">\n\t\t\t\t\t\t\t\t\t\t\t<span class=\"elementor-icon-list-icon\">\n\t\t\t\t\t\t\t<i aria-hidden=\"true\" class=\"far fa-dot-circle\"><\/i>\t\t\t\t\t\t<\/span>\n\t\t\t\t\t\t\t\t\t\t<span class=\"elementor-icon-list-text\">Un m\u00e9lange r\u00e9fl\u00e9chi de mat\u00e9riaux neufs et recycl\u00e9s, chacun choisi pour sa texture et son histoire.<\/span>\n\t\t\t\t\t\t\t\t\t<\/li>\n\t\t\t\t\t\t\t\t<li class=\"elementor-icon-list-item\">\n\t\t\t\t\t\t\t\t\t\t\t<span class=\"elementor-icon-list-icon\">\n\t\t\t\t\t\t\t<i aria-hidden=\"true\" class=\"far fa-dot-circle\"><\/i>\t\t\t\t\t\t<\/span>\n\t\t\t\t\t\t\t\t\t\t<span class=\"elementor-icon-list-text\">Des tissus et des d\u00e9tails harmonieusement assembl\u00e9s pour cr\u00e9er un nouveau personnage (voir la description ci-dessus).<\/span>\n\t\t\t\t\t\t\t\t\t<\/li>\n\t\t\t\t\t\t\t\t<li class=\"elementor-icon-list-item\">\n\t\t\t\t\t\t\t\t\t\t\t<span class=\"elementor-icon-list-icon\">\n\t\t\t\t\t\t\t<i aria-hidden=\"true\" class=\"far fa-dot-circle\"><\/i>\t\t\t\t\t\t<\/span>\n\t\t\t\t\t\t\t\t\t\t<span class=\"elementor-icon-list-text\">Every element\u2014whether fresh or repurposed\u2014adds a unique chapter in Boho Muse\u2019s journey, making her more than a doll: a story you can hold.<\/span>\n\t\t\t\t\t\t\t\t\t<\/li>\n\t\t\t\t\t\t<\/ul>\n\t\t\t\t\t\t<\/div>\n\t\t\t\t<\/div>\n\t\t\t\t\t<\/div>\n\t\t<\/div>\n\t\t\t\t\t<\/div>\n\t\t<\/section>\n\t\t\t\t\t<\/div>\n\t\t<\/div>\n\t\t\t\t\t<\/div>\n\t\t<\/section>\n\t\t\t\t<\/div>","protected":false},"excerpt":{"rendered":"<p data-start=\"185\" data-end=\"736\">With wild blonde curls and a paisley jacket, Boho Muse is the spirit of freedom\u2014part festival queen, part vintage poet. Her denim jeans, suede boots, and statement jewelry whisper stories of road trips, open fields, and midnight conversations under a sky full of stars. She\u2019s not just a doll, she\u2019s a celebration of peace, style, and the joy of living colorfully. Place her anywhere, and the room instantly gets a little bolder, a little brighter, a little more alive.<\/p>\n<p>About Boho Muse:<br \/>\nHeight \u2013 65 cm<br \/>\nWeight \u2013 680 gr<br \/>\nMaterials: cotton, felt, wood, synthetic wig, plastic accesories, fals lashes, pillow filling, leather, polar , jeans, earings<\/p>\n<p data-start=\"163\" data-end=\"453\">Boho Muse is displayed on a handcrafted wooden stand and is delivered in a\u00a0 wooden box, accompanied by a certificate of authenticity. This creation is intended exclusively for collectors or as a decorative art object. It is not suitable for children and should not be used as a toy.<\/p>\n<p data-start=\"455\" data-end=\"575\"><em data-start=\"455\" data-end=\"575\">Chaque poup\u00e9e d\u2019art COCOLETA est r\u00e9alis\u00e9e de fa\u00e7on unique, avec une attention particuli\u00e8re aux d\u00e9tails artistiques, afin d\u2019apporter du caract\u00e8re et de la chaleur \u00e0 tout espace.<\/em><\/p>\n<p>&nbsp;<\/p>\n<p>&nbsp;<\/p>","protected":false},"featured_media":1970,"comment_status":"open","ping_status":"closed","template":"","meta":{"site-sidebar-layout":"no-sidebar","site-content-layout":"boxed-container","ast-site-content-layout":"normal-width-container","site-content-style":"boxed","site-sidebar-style":"boxed","ast-global-header-display":"","ast-banner-title-visibility":"","ast-main-header-display":"","ast-hfb-above-header-display":"","ast-hfb-below-header-display":"","ast-hfb-mobile-header-display":"","site-post-title":"disabled","ast-breadcrumbs-content":"","ast-featured-img":"disabled","footer-sml-layout":"","theme-transparent-header-meta":"default","adv-header-id-meta":"","stick-header-meta":"","header-above-stick-meta":"","header-main-stick-meta":"","header-below-stick-meta":"","astra-migrate-meta-layouts":"set","ast-page-background-enabled":"default","ast-page-background-meta":{"desktop":{"background-color":"var(--ast-global-color-4)","background-image":"","background-repeat":"repeat","background-position":"center center","background-size":"auto","background-attachment":"scroll","background-type":"","background-media":"","overlay-type":"","overlay-color":"","overlay-opacity":"","overlay-gradient":""},"tablet":{"background-color":"","background-image":"","background-repeat":"repeat","background-position":"center center","background-size":"auto","background-attachment":"scroll","background-type":"","background-media":"","overlay-type":"","overlay-color":"","overlay-opacity":"","overlay-gradient":""},"mobile":{"background-color":"","background-image":"","background-repeat":"repeat","background-position":"center center","background-size":"auto","background-attachment":"scroll","background-type":"","background-media":"","overlay-type":"","overlay-color":"","overlay-opacity":"","overlay-gradient":""}},"ast-content-background-meta":{"desktop":{"background-color":"var(--ast-global-color-5)","background-image":"","background-repeat":"repeat","background-position":"center center","background-size":"auto","background-attachment":"scroll","background-type":"","background-media":"","overlay-type":"","overlay-color":"","overlay-opacity":"","overlay-gradient":""},"tablet":{"background-color":"var(--ast-global-color-5)","background-image":"","background-repeat":"repeat","background-position":"center center","background-size":"auto","background-attachment":"scroll","background-type":"","background-media":"","overlay-type":"","overlay-color":"","overlay-opacity":"","overlay-gradient":""},"mobile":{"background-color":"var(--ast-global-color-5)","background-image":"","background-repeat":"repeat","background-position":"center center","background-size":"auto","background-attachment":"scroll","background-type":"","background-media":"","overlay-type":"","overlay-color":"","overlay-opacity":"","overlay-gradient":""}}},"product_brand":[],"product_cat":[31],"product_tag":[44,32,53,36,37,34,49,40,45,43,48,42,33,52,46,50,39,41,51,35,38,47],"class_list":{"0":"post-1969","1":"product","2":"type-product","3":"status-publish","4":"has-post-thumbnail","6":"product_cat-art-dolls","7":"product_tag-art-collectible","8":"product_tag-art-doll","9":"product_tag-art-object","10":"product_tag-artist-doll","11":"product_tag-autumn-decor","12":"product_tag-collectible-doll","13":"product_tag-cozy-home-decor","14":"product_tag-decorative-doll","15":"product_tag-display-doll","16":"product_tag-fabric-doll","17":"product_tag-fall-decor","18":"product_tag-gift-for-collector","19":"product_tag-handmade-doll","20":"product_tag-handmade-gift","21":"product_tag-interior-decor","22":"product_tag-luxury-doll","23":"product_tag-ooak-doll","24":"product_tag-soft-sculpture","25":"product_tag-statement-piece","26":"product_tag-textile-art","27":"product_tag-unique-doll","28":"product_tag-wooden-stand","29":"desktop-align-left","30":"tablet-align-left","31":"mobile-align-left","33":"first","34":"instock","35":"sold-individually","36":"shipping-taxable","37":"purchasable","38":"product-type-simple"},"aioseo_notices":[],"_links":{"self":[{"href":"https:\/\/cocoleta.com\/fr\/wp-json\/wp\/v2\/product\/1969","targetHints":{"allow":["GET"]}}],"collection":[{"href":"https:\/\/cocoleta.com\/fr\/wp-json\/wp\/v2\/product"}],"about":[{"href":"https:\/\/cocoleta.com\/fr\/wp-json\/wp\/v2\/types\/product"}],"replies":[{"embeddable":true,"href":"https:\/\/cocoleta.com\/fr\/wp-json\/wp\/v2\/comments?post=1969"}],"version-history":[{"count":4,"href":"https:\/\/cocoleta.com\/fr\/wp-json\/wp\/v2\/product\/1969\/revisions"}],"predecessor-version":[{"id":1980,"href":"https:\/\/cocoleta.com\/fr\/wp-json\/wp\/v2\/product\/1969\/revisions\/1980"}],"wp:featuredmedia":[{"embeddable":true,"href":"https:\/\/cocoleta.com\/fr\/wp-json\/wp\/v2\/media\/1970"}],"wp:attachment":[{"href":"https:\/\/cocoleta.com\/fr\/wp-json\/wp\/v2\/media?parent=1969"}],"wp:term":[{"taxonomy":"product_brand","embeddable":true,"href":"https:\/\/cocoleta.com\/fr\/wp-json\/wp\/v2\/product_brand?post=1969"},{"taxonomy":"product_cat","embeddable":true,"href":"https:\/\/cocoleta.com\/fr\/wp-json\/wp\/v2\/product_cat?post=1969"},{"taxonomy":"product_tag","embeddable":true,"href":"https:\/\/cocoleta.com\/fr\/wp-json\/wp\/v2\/product_tag?post=1969"}],"curies":[{"name":"wp","href":"https:\/\/api.w.org\/{rel}","templated":true}]}}